{"id":3,"date":"2021-06-01T09:42:11","date_gmt":"2021-06-01T07:42:11","guid":{"rendered":"https:\/\/reapse-consulting.com\/?page_id=3"},"modified":"2022-01-20T17:28:53","modified_gmt":"2022-01-20T16:28:53","slug":"contact","status":"publish","type":"page","link":"https:\/\/reapse-consulting.com\/fr\/contact\/","title":{"rendered":"Contact"},"content":{"rendered":"<div class=\"wpb-content-wrapper\"><p>[vc_row css=\u00a0\u00bb.vc_custom_1630678998042{background-image: url(https:\/\/reapse-consulting.com\/wp-content\/uploads\/2021\/08\/realite-vr-contact-new.jpg?id=1602) !important;background-position: center !important;background-repeat: no-repeat !important;background-size: cover !important;}\u00a0\u00bb][vc_column css=\u00a0\u00bb.vc_custom_1625559872569{margin-left: -30px !important;}\u00a0\u00bb col_shadow=\u00a0\u00bbbox_shadow_enable:disable|shadow_horizontal:0|shadow_vertical:15|shadow_blur:50|shadow_spread:0|box_shadow_color:rgba(0%2C0%2C0%2C0.35)\u00a0\u00bb col_shadow_hover=\u00a0\u00bbbox_shadow_enable:disable|shadow_horizontal:0|shadow_vertical:15|shadow_blur:50|shadow_spread:0|box_shadow_color:rgba(0%2C0%2C0%2C0.35)\u00a0\u00bb]<div class=\"dfd-spacer-module\"  data-units=\"px\" data-wide_resolution=\"1280\" data-wide_size=\"400\" data-normal_resolution=\"1024\" data-normal_size=\"400\" data-tablet_resolution=\"800\" data-tablet_size=\"400\" data-mobile_resolution=\"480\" data-mobile_size=\"400\" style=\"height: 400px;\"><\/div>[\/vc_column][\/vc_row][vc_row][vc_column width=\u00a0\u00bb1\/2&Prime;]<div class=\"dfd-spacer-module\"  data-units=\"px\" data-wide_resolution=\"1280\" data-wide_size=\"30\" data-normal_resolution=\"1024\" data-normal_size=\"30\" data-tablet_resolution=\"800\" data-tablet_size=\"30\" data-mobile_resolution=\"480\" data-mobile_size=\"30\" style=\"height: 30px;\"><\/div>[vc_column_text item_animation=\u00a0\u00bbtransition.fadeIn\u00a0\u00bb]<\/p>\n<h3 style=\"text-align: center;\"><span style=\"color: #2d3879;\">Contactez-nous<\/span><\/h3>\n<p>[\/vc_column_text]<div class=\"dfd-spacer-module\"  data-units=\"px\" data-wide_resolution=\"1280\" data-wide_size=\"30\" data-normal_resolution=\"1024\" data-normal_size=\"30\" data-tablet_resolution=\"800\" data-tablet_size=\"30\" data-mobile_resolution=\"480\" data-mobile_size=\"30\" style=\"height: 30px;\"><\/div>[vc_column_text]<\/p>\n<p style=\"text-align: center;\">Si vous avez des questions ou besoin d\u2019aide, merci de remplir le formulaire ci-dessous.<\/p>\n<p>[\/vc_column_text]<div class=\"dfd-spacer-module\"  data-units=\"px\" data-wide_resolution=\"1280\" data-wide_size=\"15\" data-normal_resolution=\"1024\" data-normal_size=\"15\" data-tablet_resolution=\"800\" data-tablet_size=\"15\" data-mobile_resolution=\"480\" data-mobile_size=\"15\" style=\"height: 15px;\"><\/div>[dfd_user_form fake_check_layout=\u00a0\u00bbforms_00&Prime; borderwidth=\u00a0\u00bb1&Prime; border_radius=\u00a0\u00bb0&Prime; use_google_fonts_placeholder=\u00a0\u00bbyes\u00a0\u00bb text_area_height=\u00a0\u00bb5&Prime; vert_margin_btw_inputs=\u00a0\u00bb5&Prime; horiz_margin_btw_inputs=\u00a0\u00bb20&Prime; btn_text_transform=\u00a0\u00bbcapitalize\u00a0\u00bb font_size=\u00a0\u00bb14&Prime; button_border_radius=\u00a0\u00bb30&Prime; btn_message=\u00a0\u00bbENVOYER\u00a0\u00bb email_to=\u00a0\u00bbcontact@reapse-consulting.com\u00a0\u00bb email_subject=\u00a0\u00bbContact sur le formulaire du site\u00a0\u00bb check_layout=\u00a0\u00bbforms_00.php\u00a0\u00bb btn_height=\u00a0\u00bb50&Prime; button_backgrond=\u00a0\u00bb#333574&Prime; hover_button_backgrond=\u00a0\u00bb#404999&Prime; check_layout_forms_00=\u00a0\u00bb{\u00ab\u00a01\u00ab\u00a0:{\u00ab\u00a0text_name\u00ab\u00a0:{\u00ab\u00a0required-1\u00ab\u00a0:\u00ab\u00a01\u00ab\u00a0,\u00ab\u00a0name\u00ab\u00a0:\u00ab\u00a0Pr\u00e9nom Nom\u00ab\u00a0,\u00ab\u00a0akismet_comment_author-1\u00ab\u00a0:\u00ab\u00a01\u00ab\u00a0}},\u00ab\u00a02\u00ab\u00a0:{\u00ab\u00a0email\u00ab\u00a0:{\u00ab\u00a0name\u00ab\u00a0:\u00ab\u00a0Email\u00ab\u00a0,\u00ab\u00a0required-1\u00ab\u00a0:\u00ab\u00a01\u00ab\u00a0,\u00ab\u00a0akismet_comment_author_email-1\u00ab\u00a0:\u00ab\u00a01\u00ab\u00a0}},\u00ab\u00a03\u00ab\u00a0:{\u00ab\u00a0text_name\u00ab\u00a0:{\u00ab\u00a0name\u00ab\u00a0:\u00ab\u00a0Sujet\u00ab\u00a0}},\u00ab\u00a04\u00ab\u00a0:{\u00ab\u00a0telephone\u00ab\u00a0:{\u00ab\u00a0name\u00ab\u00a0:\u00ab\u00a0T\u00e9l\u00e9phone\u00ab\u00a0}},\u00ab\u00a05\u00ab\u00a0:{\u00ab\u00a0textarea_name\u00ab\u00a0:{\u00ab\u00a0name\u00ab\u00a0:\u00ab\u00a0Message\u00ab\u00a0}}}\u00a0\u00bb font_size_input=\u00a0\u00bb15&Prime; custom_fonts_label=\u00a0\u00bbfont_family:Roboto%3A100%2C100italic%2C300%2C300italic%2Cregular%2Citalic%2C500%2C500italic%2C700%2C700italic%2C900%2C900italic\u00a0\u00bb font_size_place=\u00a0\u00bb15&Prime; button_color_text=\u00a0\u00bb#ffffff\u00a0\u00bb button_font_options=\u00a0\u00bbfont_style_bold:1&Prime;]R\u00e9pondre \u00e0 {{email-2}}<\/p>\n<p>De: {{text_name-1}} &#8211; {{email-2}} &#8211; {{telephone-4}}<\/p>\n<p>Sujet: {{text_name-3}}<\/p>\n<p>Message : {{textarea_name-5}}<\/p>\n<p>&#8212;<br \/>\nCet e-mail a \u00e9t\u00e9 envoy\u00e9 \u00e0 partir du formulaire de contact de Reapse Consulting[\/dfd_user_form]<div class=\"dfd-spacer-module\"  data-units=\"px\" data-wide_resolution=\"1280\" data-wide_size=\"50\" data-normal_resolution=\"1024\" data-normal_size=\"50\" data-tablet_resolution=\"800\" data-tablet_size=\"40\" data-mobile_resolution=\"480\" data-mobile_size=\"30\" style=\"height: 50px;\"><\/div>[\/vc_column][vc_column width=\u00a0\u00bb1\/2&Prime; css=\u00a0\u00bb.vc_custom_1630679923924{padding-right: 5% !important;padding-left: 5% !important;}\u00a0\u00bb col_shadow=\u00a0\u00bbbox_shadow_enable:disable|shadow_horizontal:0|shadow_vertical:15|shadow_blur:50|shadow_spread:0|box_shadow_color:rgba(0%2C0%2C0%2C0.35)\u00a0\u00bb col_shadow_hover=\u00a0\u00bbbox_shadow_enable:disable|shadow_horizontal:0|shadow_vertical:15|shadow_blur:50|shadow_spread:0|box_shadow_color:rgba(0%2C0%2C0%2C0.35)\u00a0\u00bb]<div class=\"dfd-spacer-module\"  data-units=\"px\" data-wide_resolution=\"1280\" data-wide_size=\"48\" data-normal_resolution=\"1024\" data-normal_size=\"48\" data-tablet_resolution=\"800\" data-tablet_size=\"48\" data-mobile_resolution=\"480\" data-mobile_size=\"30\" style=\"height: 48px;\"><\/div>[vc_column_text]<\/p>\n<p style=\"color: #30377a; font-size: 16px; line-height: 26px;\">ADRESSE SI\u00c8GE SOCIAL<br \/>\nReapse Consulting<br \/>\n6-8 avenue de Creil<br \/>\n60300 Senlis<br \/>\nFrance<\/p>\n<p>[\/vc_column_text]<div class=\"dfd-spacer-module\"  data-units=\"px\" data-wide_resolution=\"1280\" data-wide_size=\"15\" data-normal_resolution=\"1024\" data-normal_size=\"15\" data-tablet_resolution=\"800\" data-tablet_size=\"15\" data-mobile_resolution=\"480\" data-mobile_size=\"15\" style=\"height: 15px;\"><\/div><div id=\"dfd-icon-list-69e61e9f20dff-7409\" class=\"dfd-icon-list-wrap  del-half-width style-3  \" ><ul class=\"dfd-icon-list\"><li class=\"\"><div class=\"dfd-list-content clearfix \" style=\"\"><div class=\"dfd-list-icon-block text-center\" style=\"margin-right:10px;color:#333574; font-size:32px; \"><i class = \"dfd-icon-email_2 dfd_icon_set-icon-email_2\"><\/i><\/div><div class=\"dfd-list-content-block content\">contact(@)reapse-consulting.com<\/div><\/div><span class=\"dfd-icon-item-delimiter\" style=\"border-bottom-width:1px; border-style:dotted; border-color:; \"><\/span><\/li><\/ul><\/div><script type=\"text\/javascript\">(function($) {$(\"head\").append(\"<style>#dfd-icon-list-69e61e9f20dff-7409 .dfd-icon-list .content {style=&quot;font-family:Roboto; font-weight:400; font-style:normal; font-size: 16px; color: #333574 !important; line-height: 24px; &quot;}<\/style>\");})(jQuery);<\/script><div class=\"dfd-spacer-module\"  data-units=\"px\" data-wide_resolution=\"1280\" data-wide_size=\"15\" data-normal_resolution=\"1024\" data-normal_size=\"15\" data-tablet_resolution=\"800\" data-tablet_size=\"15\" data-mobile_resolution=\"480\" data-mobile_size=\"15\" style=\"height: 15px;\"><\/div><div id=\"dfd-icon-list-69e61e9f20f86-2981\" class=\"dfd-icon-list-wrap  del-half-width style-3  \" ><ul class=\"dfd-icon-list\"><li class=\"\"><div class=\"dfd-list-content clearfix \" style=\"\"><div class=\"dfd-list-icon-block text-center\" style=\"margin-right:10px;color:#333574; font-size:32px; \"><i class = \"dfd-icon-phone dfd_icon_set-icon-phone\"><\/i><\/div><div class=\"dfd-list-content-block content\">06 25 70 53 66<\/div><\/div><span class=\"dfd-icon-item-delimiter\" style=\"border-bottom-width:1px; border-style:dotted; border-color:; \"><\/span><\/li><\/ul><\/div><script type=\"text\/javascript\">(function($) {$(\"head\").append(\"<style>#dfd-icon-list-69e61e9f20f86-2981 .dfd-icon-list .content {style=&quot;font-family:Roboto; font-weight:400; font-style:normal; font-size: 16px; color: #333574 !important; line-height: 24px; &quot;}<\/style>\");})(jQuery);<\/script><div class=\"dfd-spacer-module\"  data-units=\"px\" data-wide_resolution=\"1280\" data-wide_size=\"15\" data-normal_resolution=\"1024\" data-normal_size=\"15\" data-tablet_resolution=\"800\" data-tablet_size=\"15\" data-mobile_resolution=\"480\" data-mobile_size=\"15\" style=\"height: 15px;\"><\/div><div id=\"dfd-icon-list-69e61e9f2104d-7273\" class=\"dfd-icon-list-wrap  del-half-width style-3  \" ><ul class=\"dfd-icon-list\"><li class=\"\"><div class=\"dfd-list-content clearfix dfd-img-lazy-load\" style=\"\"><div class=\"dfd-list-icon-block text-center\" style=\"margin-right:10px;font-size:32px; \"><img decoding=\"async\" src=\"data:image\/svg+xml;charset=utf-8,%3Csvg xmlns%3D'http%3A%2F%2Fwww.w3.org%2F2000%2Fsvg' viewBox%3D'0 0 36 36'%2F%3E\" data-src=\"https:\/\/reapse-consulting.com\/wp-content\/uploads\/2021\/09\/linkedin_logo_square_icon_-36x36.png\" alt=\"Image\" \/><\/div><div class=\"dfd-list-content-block content\"><a href=\"https:\/\/www.linkedin.com\/company\/reapse-consulting\/\" target=\"_blank\" rel=\"noopener\">Linkedin<\/a><\/p>\n<p>&nbsp;<\/p>\n<p><\/div><\/div><span class=\"dfd-icon-item-delimiter\" style=\"border-bottom-width:1px; border-style:dotted; border-color:; \"><\/span><\/li><\/ul><\/div><script type=\"text\/javascript\">(function($) {$(\"head\").append(\"<style>#dfd-icon-list-69e61e9f2104d-7273 .dfd-icon-list .content {style=&quot;font-family:Roboto; font-weight:400; font-style:normal; font-size: 16px; color: #333574 !important; line-height: 24px; &quot;}<\/style>\");})(jQuery);<\/script><div id=\"dfd-icon-list-69e61e9f2187a-9106\" class=\"dfd-icon-list-wrap  del-half-width style-3  \" ><ul class=\"dfd-icon-list\"><li class=\"with-link\"><div class=\"dfd-list-content clearfix dfd-img-lazy-load\" style=\"\"><div class=\"dfd-list-icon-block text-center\" style=\"margin-right:10px;font-size:32px; \"><img decoding=\"async\" src=\"data:image\/svg+xml;charset=utf-8,%3Csvg xmlns%3D'http%3A%2F%2Fwww.w3.org%2F2000%2Fsvg' viewBox%3D'0 0 36 36'%2F%3E\" data-src=\"https:\/\/reapse-consulting.com\/wp-content\/uploads\/2021\/07\/contact-2-36x36.jpg\" alt=\"Image\" \/><\/div><div class=\"dfd-list-content-block content\">Prendre un rendez-vous par visioconf\u00e9rence<\/div><\/div><span class=\"dfd-icon-item-delimiter\" style=\"border-bottom-width:1px; border-style:dotted; border-color:; \"><\/span><a href=\"https:\/\/outlook.office365.com\/owa\/calendar\/REAPSECONSULTING1@reapse-consulting.com\/bookings\/\"target=\"_blank\" class=\"item-link\"><\/a><\/li><\/ul><\/div><script type=\"text\/javascript\">(function($) {$(\"head\").append(\"<style>#dfd-icon-list-69e61e9f2187a-9106 .dfd-icon-list .content {style=&quot;font-family:Roboto; font-weight:400; font-style:normal; font-size: 16px; color: #333574 !important; line-height: 24px; &quot;}<\/style>\");})(jQuery);<\/script>[\/vc_column][\/vc_row][vc_row][vc_column]<div class=\"dfd-spacer-module\"  data-units=\"px\" data-wide_resolution=\"1280\" data-wide_size=\"100\" data-normal_resolution=\"1024\" data-normal_size=\"100\" data-tablet_resolution=\"800\" data-tablet_size=\"100\" data-mobile_resolution=\"480\" data-mobile_size=\"100\" style=\"height: 100px;\"><\/div>[\/vc_column][\/vc_row]<\/p>\n<\/div>","protected":false},"excerpt":{"rendered":"<p>[vc_row css=\u00a0\u00bb.vc_custom_1630678998042{background-image: url(https:\/\/reapse-consulting.com\/wp-content\/uploads\/2021\/08\/realite-vr-contact-new.jpg?id=1602) !important;background-position: center !important;background-repeat: no-repeat !important;background-size: cover !important;}\u00a0\u00bb][vc_column css=\u00a0\u00bb.vc_custom_1625559872569{margin-left: -30px !important;}\u00a0\u00bb col_shadow=\u00a0\u00bbbox_shadow_enable:disable|shadow_horizontal:0|shadow_vertical:15|shadow_blur:50|shadow_spread:0|box_shadow_color:rgba(0%2C0%2C0%2C0.35)\u00a0\u00bb col_shadow_hover=\u00a0\u00bbbox_shadow_enable:disable|shadow_horizontal:0|shadow_vertical:15|shadow_blur:50|shadow_spread:0|box_shadow_color:rgba(0%2C0%2C0%2C0.35)\u00a0\u00bb][\/vc_column][\/vc_row][vc_row][vc_column width=\u00a0\u00bb1\/2&Prime;][vc_column_text item_animation=\u00a0\u00bbtransition.fadeIn\u00a0\u00bb] Contactez-nous [\/vc_column_text][vc_column_text] Si vous avez des questions ou besoin d\u2019aide, merci de remplir<\/p>\n","protected":false},"author":3,"featured_media":0,"parent":0,"menu_order":7,"comment_status":"closed","ping_status":"closed","template":"page-custom.php","meta":{"footnotes":""},"class_list":["post-3","page","type-page","status-publish","hentry"],"yoast_head":"<!-- This site is optimized with the Yoast SEO plugin v27.3 - https:\/\/yoast.com\/product\/yoast-seo-wordpress\/ -->\n<title>Contact - Reapse Consulting<\/title>\n<meta name=\"robots\" content=\"index, follow, max-snippet:-1, max-image-preview:large, max-video-preview:-1\" \/>\n<link rel=\"canonical\" href=\"https:\/\/reapse-consulting.com\/fr\/contact\/\" \/>\n<meta property=\"og:locale\" content=\"fr_FR\" \/>\n<meta property=\"og:type\" content=\"article\" \/>\n<meta property=\"og:title\" content=\"Contact - Reapse Consulting\" \/>\n<meta property=\"og:description\" content=\"[vc_row css=\u00a0\u00bb.vc_custom_1630678998042{background-image: url(https:\/\/reapse-consulting.com\/wp-content\/uploads\/2021\/08\/realite-vr-contact-new.jpg?id=1602) !important;background-position: center !important;background-repeat: no-repeat !important;background-size: cover !important;}\u00a0\u00bb][vc_column css=\u00a0\u00bb.vc_custom_1625559872569{margin-left: -30px !important;}\u00a0\u00bb col_shadow=\u00a0\u00bbbox_shadow_enable:disable|shadow_horizontal:0|shadow_vertical:15|shadow_blur:50|shadow_spread:0|box_shadow_color:rgba(0%2C0%2C0%2C0.35)\u00a0\u00bb col_shadow_hover=\u00a0\u00bbbox_shadow_enable:disable|shadow_horizontal:0|shadow_vertical:15|shadow_blur:50|shadow_spread:0|box_shadow_color:rgba(0%2C0%2C0%2C0.35)\u00a0\u00bb][\/vc_column][\/vc_row][vc_row][vc_column width=\u00a0\u00bb1\/2&Prime;][vc_column_text item_animation=\u00a0\u00bbtransition.fadeIn\u00a0\u00bb] Contactez-nous [\/vc_column_text][vc_column_text] Si vous avez des questions ou besoin d\u2019aide, merci de remplir\" \/>\n<meta property=\"og:url\" content=\"https:\/\/reapse-consulting.com\/fr\/contact\/\" \/>\n<meta property=\"og:site_name\" content=\"Reapse Consulting\" \/>\n<meta property=\"article:modified_time\" content=\"2022-01-20T16:28:53+00:00\" \/>\n<meta property=\"og:image\" content=\"https:\/\/reapse-consulting.com\/wp-content\/uploads\/2021\/07\/reapse-ogiage.jpg\" \/>\n\t<meta property=\"og:image:width\" content=\"1200\" \/>\n\t<meta property=\"og:image:height\" content=\"630\" \/>\n\t<meta property=\"og:image:type\" content=\"image\/jpeg\" \/>\n<meta name=\"twitter:card\" content=\"summary_large_image\" \/>\n<meta name=\"twitter:label1\" content=\"Dur\u00e9e de lecture estim\u00e9e\" \/>\n\t<meta name=\"twitter:data1\" content=\"2 minutes\" \/>\n<script type=\"application\/ld+json\" class=\"yoast-schema-graph\">{\"@context\":\"https:\\\/\\\/schema.org\",\"@graph\":[{\"@type\":\"WebPage\",\"@id\":\"https:\\\/\\\/reapse-consulting.com\\\/fr\\\/contact\\\/\",\"url\":\"https:\\\/\\\/reapse-consulting.com\\\/fr\\\/contact\\\/\",\"name\":\"Contact - Reapse Consulting\",\"isPartOf\":{\"@id\":\"https:\\\/\\\/reapse-consulting.com\\\/#website\"},\"datePublished\":\"2021-06-01T07:42:11+00:00\",\"dateModified\":\"2022-01-20T16:28:53+00:00\",\"breadcrumb\":{\"@id\":\"https:\\\/\\\/reapse-consulting.com\\\/fr\\\/contact\\\/#breadcrumb\"},\"inLanguage\":\"fr-FR\",\"potentialAction\":[{\"@type\":\"ReadAction\",\"target\":[\"https:\\\/\\\/reapse-consulting.com\\\/fr\\\/contact\\\/\"]}]},{\"@type\":\"BreadcrumbList\",\"@id\":\"https:\\\/\\\/reapse-consulting.com\\\/fr\\\/contact\\\/#breadcrumb\",\"itemListElement\":[{\"@type\":\"ListItem\",\"position\":1,\"name\":\"Accueil\",\"item\":\"https:\\\/\\\/reapse-consulting.com\\\/fr\\\/\"},{\"@type\":\"ListItem\",\"position\":2,\"name\":\"Contact\"}]},{\"@type\":\"WebSite\",\"@id\":\"https:\\\/\\\/reapse-consulting.com\\\/#website\",\"url\":\"https:\\\/\\\/reapse-consulting.com\\\/\",\"name\":\"Reapse Consulting\",\"description\":\"\",\"publisher\":{\"@id\":\"https:\\\/\\\/reapse-consulting.com\\\/#organization\"},\"potentialAction\":[{\"@type\":\"SearchAction\",\"target\":{\"@type\":\"EntryPoint\",\"urlTemplate\":\"https:\\\/\\\/reapse-consulting.com\\\/?s={search_term_string}\"},\"query-input\":{\"@type\":\"PropertyValueSpecification\",\"valueRequired\":true,\"valueName\":\"search_term_string\"}}],\"inLanguage\":\"fr-FR\"},{\"@type\":\"Organization\",\"@id\":\"https:\\\/\\\/reapse-consulting.com\\\/#organization\",\"name\":\"Reapse Consulting\",\"url\":\"https:\\\/\\\/reapse-consulting.com\\\/\",\"logo\":{\"@type\":\"ImageObject\",\"inLanguage\":\"fr-FR\",\"@id\":\"https:\\\/\\\/reapse-consulting.com\\\/#\\\/schema\\\/logo\\\/image\\\/\",\"url\":\"https:\\\/\\\/reapse-consulting.com\\\/wp-content\\\/uploads\\\/2021\\\/07\\\/reapse-ogiage.jpg\",\"contentUrl\":\"https:\\\/\\\/reapse-consulting.com\\\/wp-content\\\/uploads\\\/2021\\\/07\\\/reapse-ogiage.jpg\",\"width\":1200,\"height\":630,\"caption\":\"Reapse Consulting\"},\"image\":{\"@id\":\"https:\\\/\\\/reapse-consulting.com\\\/#\\\/schema\\\/logo\\\/image\\\/\"}}]}<\/script>\n<!-- \/ Yoast SEO plugin. -->","yoast_head_json":{"title":"Contact - Reapse Consulting","robots":{"index":"index","follow":"follow","max-snippet":"max-snippet:-1","max-image-preview":"max-image-preview:large","max-video-preview":"max-video-preview:-1"},"canonical":"https:\/\/reapse-consulting.com\/fr\/contact\/","og_locale":"fr_FR","og_type":"article","og_title":"Contact - Reapse Consulting","og_description":"[vc_row css=\u00a0\u00bb.vc_custom_1630678998042{background-image: url(https:\/\/reapse-consulting.com\/wp-content\/uploads\/2021\/08\/realite-vr-contact-new.jpg?id=1602) !important;background-position: center !important;background-repeat: no-repeat !important;background-size: cover !important;}\u00a0\u00bb][vc_column css=\u00a0\u00bb.vc_custom_1625559872569{margin-left: -30px !important;}\u00a0\u00bb col_shadow=\u00a0\u00bbbox_shadow_enable:disable|shadow_horizontal:0|shadow_vertical:15|shadow_blur:50|shadow_spread:0|box_shadow_color:rgba(0%2C0%2C0%2C0.35)\u00a0\u00bb col_shadow_hover=\u00a0\u00bbbox_shadow_enable:disable|shadow_horizontal:0|shadow_vertical:15|shadow_blur:50|shadow_spread:0|box_shadow_color:rgba(0%2C0%2C0%2C0.35)\u00a0\u00bb][\/vc_column][\/vc_row][vc_row][vc_column width=\u00a0\u00bb1\/2&Prime;][vc_column_text item_animation=\u00a0\u00bbtransition.fadeIn\u00a0\u00bb] Contactez-nous [\/vc_column_text][vc_column_text] Si vous avez des questions ou besoin d\u2019aide, merci de remplir","og_url":"https:\/\/reapse-consulting.com\/fr\/contact\/","og_site_name":"Reapse Consulting","article_modified_time":"2022-01-20T16:28:53+00:00","og_image":[{"width":1200,"height":630,"url":"https:\/\/reapse-consulting.com\/wp-content\/uploads\/2021\/07\/reapse-ogiage.jpg","type":"image\/jpeg"}],"twitter_card":"summary_large_image","twitter_misc":{"Dur\u00e9e de lecture estim\u00e9e":"2 minutes"},"schema":{"@context":"https:\/\/schema.org","@graph":[{"@type":"WebPage","@id":"https:\/\/reapse-consulting.com\/fr\/contact\/","url":"https:\/\/reapse-consulting.com\/fr\/contact\/","name":"Contact - Reapse Consulting","isPartOf":{"@id":"https:\/\/reapse-consulting.com\/#website"},"datePublished":"2021-06-01T07:42:11+00:00","dateModified":"2022-01-20T16:28:53+00:00","breadcrumb":{"@id":"https:\/\/reapse-consulting.com\/fr\/contact\/#breadcrumb"},"inLanguage":"fr-FR","potentialAction":[{"@type":"ReadAction","target":["https:\/\/reapse-consulting.com\/fr\/contact\/"]}]},{"@type":"BreadcrumbList","@id":"https:\/\/reapse-consulting.com\/fr\/contact\/#breadcrumb","itemListElement":[{"@type":"ListItem","position":1,"name":"Accueil","item":"https:\/\/reapse-consulting.com\/fr\/"},{"@type":"ListItem","position":2,"name":"Contact"}]},{"@type":"WebSite","@id":"https:\/\/reapse-consulting.com\/#website","url":"https:\/\/reapse-consulting.com\/","name":"Reapse Consulting","description":"","publisher":{"@id":"https:\/\/reapse-consulting.com\/#organization"},"potentialAction":[{"@type":"SearchAction","target":{"@type":"EntryPoint","urlTemplate":"https:\/\/reapse-consulting.com\/?s={search_term_string}"},"query-input":{"@type":"PropertyValueSpecification","valueRequired":true,"valueName":"search_term_string"}}],"inLanguage":"fr-FR"},{"@type":"Organization","@id":"https:\/\/reapse-consulting.com\/#organization","name":"Reapse Consulting","url":"https:\/\/reapse-consulting.com\/","logo":{"@type":"ImageObject","inLanguage":"fr-FR","@id":"https:\/\/reapse-consulting.com\/#\/schema\/logo\/image\/","url":"https:\/\/reapse-consulting.com\/wp-content\/uploads\/2021\/07\/reapse-ogiage.jpg","contentUrl":"https:\/\/reapse-consulting.com\/wp-content\/uploads\/2021\/07\/reapse-ogiage.jpg","width":1200,"height":630,"caption":"Reapse Consulting"},"image":{"@id":"https:\/\/reapse-consulting.com\/#\/schema\/logo\/image\/"}}]}},"_links":{"self":[{"href":"https:\/\/reapse-consulting.com\/fr\/wp-json\/wp\/v2\/pages\/3","targetHints":{"allow":["GET"]}}],"collection":[{"href":"https:\/\/reapse-consulting.com\/fr\/wp-json\/wp\/v2\/pages"}],"about":[{"href":"https:\/\/reapse-consulting.com\/fr\/wp-json\/wp\/v2\/types\/page"}],"author":[{"embeddable":true,"href":"https:\/\/reapse-consulting.com\/fr\/wp-json\/wp\/v2\/users\/3"}],"replies":[{"embeddable":true,"href":"https:\/\/reapse-consulting.com\/fr\/wp-json\/wp\/v2\/comments?post=3"}],"version-history":[{"count":0,"href":"https:\/\/reapse-consulting.com\/fr\/wp-json\/wp\/v2\/pages\/3\/revisions"}],"wp:attachment":[{"href":"https:\/\/reapse-consulting.com\/fr\/wp-json\/wp\/v2\/media?parent=3"}],"curies":[{"name":"wp","href":"https:\/\/api.w.org\/{rel}","templated":true}]}}