{"id":319,"date":"2021-06-09T14:51:04","date_gmt":"2021-06-09T12:51:04","guid":{"rendered":"https:\/\/reapse-consulting.com\/?page_id=319"},"modified":"2024-01-02T15:22:58","modified_gmt":"2024-01-02T14:22:58","slug":"quisommesnous-reapse","status":"publish","type":"page","link":"https:\/\/reapse-consulting.com\/fr\/quisommesnous-reapse\/","title":{"rendered":"\u00c0 propos"},"content":{"rendered":"<div class=\"wpb-content-wrapper\"><p>[vc_row dfd_bg_style=\u00a0\u00bbimage\u00a0\u00bb dfd_bg_image_new=\u00a0\u00bb606&Prime; dfd_bg_image_repeat=\u00a0\u00bbno-repeat\u00a0\u00bb dfd_bg_image_size=\u00a0\u00bbinitial\u00a0\u00bb dfd_bg_image_position=\u00a0\u00bbleft center\u00a0\u00bb dfd_bg_image_repeat_mobile=\u00a0\u00bbrepeat-y\u00a0\u00bb dfd_bg_image_size_mobile=\u00a0\u00bbmanual\u00a0\u00bb dfd_bg_image_manual_size_mobile=\u00a0\u00bb100% auto\u00a0\u00bb dfd_enable_overlay=\u00a0\u00bb\u00a0\u00bb dfd_bg_image_position_mobile=\u00a0\u00bb100% 570px\u00a0\u00bb dfd_bg_resolution=\u00a0\u00bb799&Prime; dfd_bg_image_new_responsive=\u00a0\u00bb919&Prime;][vc_column dfd_column_responsive_enable=\u00a0\u00bbdfd-column-responsive-enable\u00a0\u00bb col_shadow=\u00a0\u00bbbox_shadow_enable:disable|shadow_horizontal:0|shadow_vertical:15|shadow_blur:50|shadow_spread:0|box_shadow_color:rgba(0%2C0%2C0%2C0.35)\u00a0\u00bb col_shadow_hover=\u00a0\u00bbbox_shadow_enable:disable|shadow_horizontal:0|shadow_vertical:15|shadow_blur:50|shadow_spread:0|box_shadow_color:rgba(0%2C0%2C0%2C0.35)\u00a0\u00bb responsive_styles=\u00a0\u00bbpadding_left_mobile:20|padding_right_mobile:20&Prime;]<div class=\"dfd-spacer-module\"  data-units=\"px\" data-wide_resolution=\"1280\" data-wide_size=\"255\" data-normal_resolution=\"1024\" data-normal_size=\"250\" data-tablet_resolution=\"800\" data-tablet_size=\"100\" data-mobile_resolution=\"480\" data-mobile_size=\"100\" style=\"height: 255px;\"><\/div><div class=\"dfd-heading-shortcode\"><div class=\"dfd-heading-module-wrap  text-left style_02 cr-animate-gen dfd-heading-69dafdfe86b6c dfd-disable-resposive-headings\" id=\"dfd-heading-69dafdfe86b6c\" data-animate-type = \"transition.slideUpIn\" ><div class=\"inline-block\"><div class=\"dfd-heading-module\"><h1 class=\"widget-title dfd-title \" style=\"font-size: 40px; color: #c23913 !important; line-height: 30px; \"><\/p>\n<p style=\"text-align: center;\">[r\u025b\u02c8\u0251ps\u025b]<\/p>\n<p>&nbsp;<\/p>\n<p><\/h1><\/div><\/div><\/div><script type=\"text\/javascript\">\r\n\t\t\t\t\t\t\t\t\t(function($) {\r\n\t\t\t\t\t\t\t\t\t\t$(\"head\").append(\"<style>.dfd-heading-69dafdfe86b6c.dfd-heading-module-wrap .dfd-heading-module .dfd-heading-delimiter {margin-top:10px;margin-bottom:10px;}@media (max-width: 799px){.dfd-heading-69dafdfe86b6c .dfd-title{font-size: 36px !important;line-height: 46px !important;}}<\/style>\");\r\n\t\t\t\t\t\t\t\t\t})(jQuery);\r\n\t\t\t\t\t\t\t\t<\/script><\/div><div class=\"dfd-spacer-module\"  data-units=\"px\" data-wide_resolution=\"1280\" data-wide_size=\"0\" data-normal_resolution=\"1024\" data-normal_size=\"0\" data-tablet_resolution=\"800\" data-tablet_size=\"0\" data-mobile_resolution=\"480\" data-mobile_size=\"50\" style=\"height: 0px;\"><\/div>[vc_column_text]<\/p>\n<h4><span style=\"color: #30377a;\">Le mot de sa Pr\u00e9sidente &amp; fondatrice, Val\u00e9rie Riffaud Cangelosi<\/span><\/h4>\n<p><a href=\"https:\/\/www.linkedin.com\/in\/valerie-riffaud-cangelosi\/?locale=fr_FR\">LinkedIn<\/a>[\/vc_column_text]<div class=\"dfd-spacer-module\"  data-units=\"px\" data-wide_resolution=\"1280\" data-wide_size=\"50\" data-normal_resolution=\"1024\" data-normal_size=\"50\" data-tablet_resolution=\"800\" data-tablet_size=\"50\" data-mobile_resolution=\"480\" data-mobile_size=\"50\" style=\"height: 50px;\"><\/div>[vc_row_inner][vc_column_inner width=\u00a0\u00bb2\/3&Prime;][vc_column_text]<\/p>\n<p style=\"color: #30377a; font-size: 20px; line-height: 32px;\">REAPSE propose une approche ind\u00e9pendante reposant sur + de 10 ann\u00e9es d\u2019exp\u00e9rience dans l\u2019univers des lunettes connect\u00e9es et des solutions de r\u00e9alit\u00e9 augment\u00e9e\/mixte.<\/p>\n<p style=\"color: #30377a; font-size: 20px; line-height: 32px;\">Au travers d&rsquo;un large r\u00e9seau sp\u00e9cialis\u00e9 dans le domaine de + de 500 entreprises europ\u00e9ennes qualifi\u00e9es du secteur, nous avons une vraie compr\u00e9hension des acteurs et des offres qui peuvent apporter des solutions et des applications fiables et durables, et de ceux qui peuvent int\u00e9grer, d\u00e9ployer, offrir du support et des services avant et apr\u00e8s-vente.<\/p>\n<p style=\"color: #30377a; font-size: 20px; line-height: 32px;\">V\u00e9ritables experts en lunettes connect\u00e9es de R\u00e9alit\u00e9 Augment\u00e9e et Mixte, nous pouvons aussi vous guider efficacement dans l\u2019offre pl\u00e9thorique du march\u00e9 et identifier les meilleurs mat\u00e9riels pour votre projet.<\/p>\n<p style=\"color: #30377a; font-size: 20px; line-height: 32px;\">Que vous soyez une PME, une ETI ou un Grand Groupe, gagnez du temps, de l\u2019\u00e9nergie et de l\u2019argent : laissez nos consultants vous conseiller sur votre projet afin que vous puissiez prendre les meilleures d\u00e9cisions et r\u00e9aliser vos ambitions.<\/p>\n<p style=\"color: #30377a; font-size: 20px; line-height: 32px;\">Quel que soit votre march\u00e9, vos projets, ou vos id\u00e9es en lien avec la r\u00e9alit\u00e9 augment\u00e9e, contactez-nous !<\/p>\n<p>[\/vc_column_text][\/vc_column_inner][vc_column_inner width=\u00a0\u00bb1\/3&Prime;][vc_single_image image=\u00a0\u00bb1322&Prime; img_size=\u00a0\u00bb200&#215;200&Prime; alignment=\u00a0\u00bbcenter\u00a0\u00bb style=\u00a0\u00bbvc_box_circle_2&Prime; css_animation=\u00a0\u00bbfadeInUp\u00a0\u00bb][\/vc_column_inner][\/vc_row_inner]<div class=\"dfd-spacer-module\"  data-units=\"px\" data-wide_resolution=\"1280\" data-wide_size=\"140\" data-normal_resolution=\"1024\" data-normal_size=\"140\" data-tablet_resolution=\"800\" data-tablet_size=\"140\" data-mobile_resolution=\"480\" data-mobile_size=\"100\" style=\"height: 140px;\"><\/div>[\/vc_column][\/vc_row][vc_row dfd_row_responsive_enable=\u00a0\u00bbdfd-row-responsive-enable\u00a0\u00bb responsive_styles=\u00a0\u00bbpadding_left_desktop:20|padding_right_desktop:20|padding_left_tablet:20|padding_right_tablet:20&Prime;][vc_column column_bg_position=\u00a0\u00bbcenter center\u00a0\u00bb column_bg_repeat=\u00a0\u00bbno-repeat\u00a0\u00bb dfd_column_responsive_enable=\u00a0\u00bbdfd-column-responsive-enable\u00a0\u00bb css=\u00a0\u00bb.vc_custom_1626353206692{background-image: url(https:\/\/reapse-consulting.com\/wp-content\/uploads\/2021\/07\/bg-box.png?id=1120) !important;background-position: center !important;background-repeat: no-repeat !important;background-size: cover !important;border-radius: 15px !important;}\u00a0\u00bb col_shadow=\u00a0\u00bbbox_shadow_enable:enable|shadow_horizontal:0|shadow_vertical:15|shadow_blur:19|shadow_spread:0|box_shadow_color:rgba(88%2C69%2C146%2C0.4)\u00a0\u00bb col_shadow_hover=\u00a0\u00bbbox_shadow_enable:enable|shadow_horizontal:0|shadow_vertical:15|shadow_blur:19|shadow_spread:0|box_shadow_color:rgba(88%2C69%2C146%2C0.4)\u00a0\u00bb responsive_styles=\u00a0\u00bbpadding_left_desktop:20|padding_right_desktop:20|padding_left_tablet:20|padding_right_tablet:20|padding_left_mobile:20|padding_right_mobile:20&Prime;]<div class=\"dfd-spacer-module\"  data-units=\"px\" data-wide_resolution=\"1280\" data-wide_size=\"45\" data-normal_resolution=\"1024\" data-normal_size=\"45\" data-tablet_resolution=\"800\" data-tablet_size=\"40\" data-mobile_resolution=\"480\" data-mobile_size=\"30\" style=\"height: 45px;\"><\/div><div class=\"dfd-heading-shortcode\"><div class=\"dfd-heading-module-wrap  text-center style_02 cr-animate-gen dfd-heading-69dafdfe86d54 dfd-disable-resposive-headings\" id=\"dfd-heading-69dafdfe86d54\" data-animate-type = \"transition.slideUpIn\" ><div class=\"inline-block\"><div class=\"dfd-heading-module\"><h3 class=\"widget-title dfd-title \" style=\"font-size: 35px; color: #2a6abb !important; line-height: 24px; \">Un projet, une question ?<\/p>\n<p><\/h3><\/div><\/div><\/div><script type=\"text\/javascript\">\r\n\t\t\t\t\t\t\t\t\t(function($) {\r\n\t\t\t\t\t\t\t\t\t\t$(\"head\").append(\"<style>.dfd-heading-69dafdfe86d54 .dfd-heading-module .widget-title {margin-bottom:30px;}.dfd-heading-69dafdfe86d54.dfd-heading-module-wrap .dfd-heading-module .dfd-heading-delimiter {margin-top:10px;margin-bottom:10px;}@media (max-width: 799px){.dfd-heading-69dafdfe86d54 .dfd-title{font-size: 32px !important;}}@media (max-width: 799px){.dfd-heading-69dafdfe86d54 .dfd-sub-title{font-size: 22px !important;}}<\/style>\");\r\n\t\t\t\t\t\t\t\t\t})(jQuery);\r\n\t\t\t\t\t\t\t\t<\/script><\/div><div id=\"dfd-button-gradient69dafdfe86e77-2536\" class=\"dfd-button-gradient-module-wrap\"><div class=\"dfd-button-module custom-mob-button-class style-3 normal text-center with-icon\"  data-animate=\"1\"  data-animate-type=\"transition.slideUpIn\" ><a href=\"https:\/\/reapse-consulting.com\/fr\/contact\/\" title=\"Contact\"  class=\"dfd-button-link  dfd-fade\"><span class=\"dfd-button-inner-cover\"><span class=\"icon-wrap\"><i class=\"featured-icon typcn typcn-arrow-right\"><\/i><\/span><span class=\"dfd-button-text-main\" style=\"line-height: 60px; \">Prendre contact<\/span><span class=\"dfd-button-border\"><\/span><\/span><\/a><\/div><script type=\"text\/javascript\">(function($) {$(\"head\").append(\"<style>#dfd-button-gradient69dafdfe86e77-2536 .dfd-button-link .dfd-button-inner-cover {padding-right: 100px;}#dfd-button-gradient69dafdfe86e77-2536 .dfd-button-link .dfd-button-inner-cover .featured-icon {font-size: 32px;}#dfd-button-gradient69dafdfe86e77-2536 .dfd-button-link .dfd-button-inner-cover:before,#dfd-button-gradient69dafdfe86e77-2536.dfd-button-gradient-module-wrap .dfd-button-link.dfd-fade .dfd-button-inner-cover:before {background: linear-gradient(to right, #a53855, #c23913);}#dfd-button-gradient69dafdfe86e77-2536 .dfd-button-link .dfd-button-inner-cover:after {background: linear-gradient(to right, #feb174, #c23913);}#dfd-button-gradient69dafdfe86e77-2536 .dfd-button-link .dfd-button-inner-cover:before, #dfd-button-gradient69dafdfe86e77-2536 .dfd-button-link .dfd-button-inner-cover:after {top: 0px; right: 0px; bottom: 0px; left: 0px;}#dfd-button-gradient69dafdfe86e77-2536 .dfd-button-link:hover, #dfd-button-gradient69dafdfe86e77-2536 .dfd-button-link:hover .dfd-button-inner-cover, #dfd-button-gradient69dafdfe86e77-2536 .dfd-button-link:not(:hover), #dfd-button-gradient69dafdfe86e77-2536 .dfd-button-link:not(:hover) .dfd-button-inner-cover {border-radius: 50px;}<\/style>\");})(jQuery);<\/script><\/div><div class=\"dfd-spacer-module\"  data-units=\"px\" data-wide_resolution=\"1280\" data-wide_size=\"30\" data-normal_resolution=\"1024\" data-normal_size=\"30\" data-tablet_resolution=\"800\" data-tablet_size=\"30\" data-mobile_resolution=\"480\" data-mobile_size=\"30\" style=\"height: 30px;\"><\/div>[\/vc_column][\/vc_row][vc_row dfd_row_config=\u00a0\u00bbfull_width_content\u00a0\u00bb][vc_column]<div class=\"dfd-spacer-module\"  data-units=\"px\" data-wide_resolution=\"1280\" data-wide_size=\"100\" data-normal_resolution=\"1024\" data-normal_size=\"100\" data-tablet_resolution=\"800\" data-tablet_size=\"100\" data-mobile_resolution=\"480\" data-mobile_size=\"100\" style=\"height: 100px;\"><\/div>[dfd_logo_carousel enable_slides=\u00a0\u00bbslides\u00a0\u00bb list_fields=\u00a0\u00bb%5B%7B%22icon_image_id%22%3A%222555%22%2C%22link_box%22%3A%22link_b%22%2C%22link%22%3A%22url%3Ahttps%253A%252F%252Fwww.linkedin.com%252Fcompany%252Ffrance2030num%252Fabout%252F%7Ctarget%3A_blank%22%7D%2C%7B%22icon_image_id%22%3A%222563%22%2C%22link_box%22%3A%22link_b%22%2C%22link%22%3A%22url%3Ahttps%253A%252F%252Fwww.canva.com%252Fdesign%252FDAFxJwsvYGc%252FW-PEeNlKRAp3-WLClE92Qg%252Fview%253Futm_content%253DDAFxJwsvYGc%2526utm_campaign%253Ddesignshare%2526utm_medium%253Dlink%2526utm_source%253Deditor%25231%7Ctarget%3A_blank%22%7D%2C%7B%22icon_image_id%22%3A%222561%22%2C%22link_box%22%3A%22link_b%22%2C%22link%22%3A%22url%3Ahttps%253A%252F%252Fccibusiness.fr%252Foffreurs-de-solutions-industrie-du-futur%7Ctarget%3A_blank%22%7D%2C%7B%22icon_image_id%22%3A%222559%22%2C%22link_box%22%3A%22link_b%22%2C%22link%22%3A%22url%3Ahttps%253A%252F%252Fwww.bpifrance.fr%252F%7Ctarget%3A_blank%22%7D%2C%7B%22icon_image_id%22%3A%222586%22%2C%22link_box%22%3A%22link_b%22%2C%22link%22%3A%22url%3Ahttps%253A%252F%252Fwww.augmented-reality.fr%252Frapro%252F%7Ctarget%3A_blank%22%7D%2C%7B%22icon_image_id%22%3A%222557%22%2C%22link_box%22%3A%22link_b%22%2C%22link%22%3A%22url%3Ahttps%253A%252F%252Fwww.aria-automobile-hdf.fr%252F%7Ctarget%3A_blank%22%7D%2C%7B%22icon_image_id%22%3A%222581%22%2C%22link_box%22%3A%22link_b%22%2C%22link%22%3A%22url%3Ahttps%253A%252F%252Finteractions.utc.fr%252Fthematiques%252Fpluridisciplinarite%252Fles-agregats-thematiques-territorialises%252F%7Ctarget%3A_blank%22%7D%2C%7B%22icon_image_id%22%3A%222577%22%2C%22link_box%22%3A%22link_b%22%2C%22link%22%3A%22url%3Ahttps%253A%252F%252Fsureproject.eu%252F%7Ctarget%3A_blank%22%7D%5D\u00a0\u00bb slides_to_show=\u00a0\u00bb5&Prime; slides_to_scroll=\u00a0\u00bb2&Prime; slideshow_speed=\u00a0\u00bb2000&Prime; main_style=\u00a0\u00bbstyle-2&Prime; auto_slideshow=\u00a0\u00bbauto_slid\u00a0\u00bb]<div class=\"dfd-spacer-module\"  data-units=\"px\" data-wide_resolution=\"1280\" data-wide_size=\"50\" data-normal_resolution=\"1024\" data-normal_size=\"50\" data-tablet_resolution=\"800\" data-tablet_size=\"50\" data-mobile_resolution=\"480\" data-mobile_size=\"30\" style=\"height: 50px;\"><\/div>[\/vc_column][\/vc_row]<\/p>\n<\/div>","protected":false},"excerpt":{"rendered":"<p>[vc_row dfd_bg_style=\u00a0\u00bbimage\u00a0\u00bb dfd_bg_image_new=\u00a0\u00bb606&Prime; dfd_bg_image_repeat=\u00a0\u00bbno-repeat\u00a0\u00bb dfd_bg_image_size=\u00a0\u00bbinitial\u00a0\u00bb dfd_bg_image_position=\u00a0\u00bbleft center\u00a0\u00bb dfd_bg_image_repeat_mobile=\u00a0\u00bbrepeat-y\u00a0\u00bb dfd_bg_image_size_mobile=\u00a0\u00bbmanual\u00a0\u00bb dfd_bg_image_manual_size_mobile=\u00a0\u00bb100% auto\u00a0\u00bb dfd_enable_overlay=\u00a0\u00bb\u00a0\u00bb dfd_bg_image_position_mobile=\u00a0\u00bb100% 570px\u00a0\u00bb dfd_bg_resolution=\u00a0\u00bb799&Prime; dfd_bg_image_new_responsive=\u00a0\u00bb919&Prime;][vc_column dfd_column_responsive_enable=\u00a0\u00bbdfd-column-responsive-enable\u00a0\u00bb col_shadow=\u00a0\u00bbbox_shadow_enable:disable|shadow_horizontal:0|shadow_vertical:15|shadow_blur:50|shadow_spread:0|box_shadow_color:rgba(0%2C0%2C0%2C0.35)\u00a0\u00bb col_shadow_hover=\u00a0\u00bbbox_shadow_enable:disable|shadow_horizontal:0|shadow_vertical:15|shadow_blur:50|shadow_spread:0|box_shadow_color:rgba(0%2C0%2C0%2C0.35)\u00a0\u00bb responsive_styles=\u00a0\u00bbpadding_left_mobile:20|padding_right_mobile:20&Prime;][vc_column_text] Le mot de sa Pr\u00e9sidente &amp; fondatrice, Val\u00e9rie Riffaud Cangelosi<\/p>\n","protected":false},"author":2,"featured_media":0,"parent":0,"menu_order":2,"comment_status":"closed","ping_status":"closed","template":"page-custom.php","meta":{"footnotes":""},"class_list":["post-319","page","type-page","status-publish","hentry"],"yoast_head":"<!-- This site is optimized with the Yoast SEO plugin v27.3 - https:\/\/yoast.com\/product\/yoast-seo-wordpress\/ -->\n<title>\u00c0 propos - Reapse Consulting<\/title>\n<meta name=\"description\" content=\"Vrai expert en r\u00e9alit\u00e9 augment\u00e9e qui vous guide dans l\u2019offre pl\u00e9thorique du march\u00e9, et identifie les meilleurs partenaires pour votre projet.\" \/>\n<meta name=\"robots\" content=\"index, follow, max-snippet:-1, max-image-preview:large, max-video-preview:-1\" \/>\n<link rel=\"canonical\" href=\"https:\/\/reapse-consulting.com\/fr\/quisommesnous-reapse\/\" \/>\n<meta property=\"og:locale\" content=\"fr_FR\" \/>\n<meta property=\"og:type\" content=\"article\" \/>\n<meta property=\"og:title\" content=\"\u00c0 propos - Reapse Consulting\" \/>\n<meta property=\"og:description\" content=\"Vrai expert en r\u00e9alit\u00e9 augment\u00e9e qui vous guide dans l\u2019offre pl\u00e9thorique du march\u00e9, et identifie les meilleurs partenaires pour votre projet.\" \/>\n<meta property=\"og:url\" content=\"https:\/\/reapse-consulting.com\/fr\/quisommesnous-reapse\/\" \/>\n<meta property=\"og:site_name\" content=\"Reapse Consulting\" \/>\n<meta property=\"article:modified_time\" content=\"2024-01-02T14:22:58+00:00\" \/>\n<meta property=\"og:image\" content=\"https:\/\/reapse-consulting.com\/wp-content\/uploads\/2021\/07\/reapse-ogiage.jpg\" \/>\n\t<meta property=\"og:image:width\" content=\"1200\" \/>\n\t<meta property=\"og:image:height\" content=\"630\" \/>\n\t<meta property=\"og:image:type\" content=\"image\/jpeg\" \/>\n<meta name=\"twitter:card\" content=\"summary_large_image\" \/>\n<meta name=\"twitter:label1\" content=\"Dur\u00e9e de lecture estim\u00e9e\" \/>\n\t<meta name=\"twitter:data1\" content=\"2 minutes\" \/>\n<script type=\"application\/ld+json\" class=\"yoast-schema-graph\">{\"@context\":\"https:\\\/\\\/schema.org\",\"@graph\":[{\"@type\":\"WebPage\",\"@id\":\"https:\\\/\\\/reapse-consulting.com\\\/fr\\\/quisommesnous-reapse\\\/\",\"url\":\"https:\\\/\\\/reapse-consulting.com\\\/fr\\\/quisommesnous-reapse\\\/\",\"name\":\"\u00c0 propos - Reapse Consulting\",\"isPartOf\":{\"@id\":\"https:\\\/\\\/reapse-consulting.com\\\/#website\"},\"datePublished\":\"2021-06-09T12:51:04+00:00\",\"dateModified\":\"2024-01-02T14:22:58+00:00\",\"description\":\"Vrai expert en r\u00e9alit\u00e9 augment\u00e9e qui vous guide dans l\u2019offre pl\u00e9thorique du march\u00e9, et identifie les meilleurs partenaires pour votre projet.\",\"breadcrumb\":{\"@id\":\"https:\\\/\\\/reapse-consulting.com\\\/fr\\\/quisommesnous-reapse\\\/#breadcrumb\"},\"inLanguage\":\"fr-FR\",\"potentialAction\":[{\"@type\":\"ReadAction\",\"target\":[\"https:\\\/\\\/reapse-consulting.com\\\/fr\\\/quisommesnous-reapse\\\/\"]}]},{\"@type\":\"BreadcrumbList\",\"@id\":\"https:\\\/\\\/reapse-consulting.com\\\/fr\\\/quisommesnous-reapse\\\/#breadcrumb\",\"itemListElement\":[{\"@type\":\"ListItem\",\"position\":1,\"name\":\"Accueil\",\"item\":\"https:\\\/\\\/reapse-consulting.com\\\/fr\\\/\"},{\"@type\":\"ListItem\",\"position\":2,\"name\":\"\u00c0 propos\"}]},{\"@type\":\"WebSite\",\"@id\":\"https:\\\/\\\/reapse-consulting.com\\\/#website\",\"url\":\"https:\\\/\\\/reapse-consulting.com\\\/\",\"name\":\"Reapse Consulting\",\"description\":\"\",\"publisher\":{\"@id\":\"https:\\\/\\\/reapse-consulting.com\\\/#organization\"},\"potentialAction\":[{\"@type\":\"SearchAction\",\"target\":{\"@type\":\"EntryPoint\",\"urlTemplate\":\"https:\\\/\\\/reapse-consulting.com\\\/?s={search_term_string}\"},\"query-input\":{\"@type\":\"PropertyValueSpecification\",\"valueRequired\":true,\"valueName\":\"search_term_string\"}}],\"inLanguage\":\"fr-FR\"},{\"@type\":\"Organization\",\"@id\":\"https:\\\/\\\/reapse-consulting.com\\\/#organization\",\"name\":\"Reapse Consulting\",\"url\":\"https:\\\/\\\/reapse-consulting.com\\\/\",\"logo\":{\"@type\":\"ImageObject\",\"inLanguage\":\"fr-FR\",\"@id\":\"https:\\\/\\\/reapse-consulting.com\\\/#\\\/schema\\\/logo\\\/image\\\/\",\"url\":\"https:\\\/\\\/reapse-consulting.com\\\/wp-content\\\/uploads\\\/2021\\\/07\\\/reapse-ogiage.jpg\",\"contentUrl\":\"https:\\\/\\\/reapse-consulting.com\\\/wp-content\\\/uploads\\\/2021\\\/07\\\/reapse-ogiage.jpg\",\"width\":1200,\"height\":630,\"caption\":\"Reapse Consulting\"},\"image\":{\"@id\":\"https:\\\/\\\/reapse-consulting.com\\\/#\\\/schema\\\/logo\\\/image\\\/\"}}]}<\/script>\n<!-- \/ Yoast SEO plugin. -->","yoast_head_json":{"title":"\u00c0 propos - Reapse Consulting","description":"Vrai expert en r\u00e9alit\u00e9 augment\u00e9e qui vous guide dans l\u2019offre pl\u00e9thorique du march\u00e9, et identifie les meilleurs partenaires pour votre projet.","robots":{"index":"index","follow":"follow","max-snippet":"max-snippet:-1","max-image-preview":"max-image-preview:large","max-video-preview":"max-video-preview:-1"},"canonical":"https:\/\/reapse-consulting.com\/fr\/quisommesnous-reapse\/","og_locale":"fr_FR","og_type":"article","og_title":"\u00c0 propos - Reapse Consulting","og_description":"Vrai expert en r\u00e9alit\u00e9 augment\u00e9e qui vous guide dans l\u2019offre pl\u00e9thorique du march\u00e9, et identifie les meilleurs partenaires pour votre projet.","og_url":"https:\/\/reapse-consulting.com\/fr\/quisommesnous-reapse\/","og_site_name":"Reapse Consulting","article_modified_time":"2024-01-02T14:22:58+00:00","og_image":[{"width":1200,"height":630,"url":"https:\/\/reapse-consulting.com\/wp-content\/uploads\/2021\/07\/reapse-ogiage.jpg","type":"image\/jpeg"}],"twitter_card":"summary_large_image","twitter_misc":{"Dur\u00e9e de lecture estim\u00e9e":"2 minutes"},"schema":{"@context":"https:\/\/schema.org","@graph":[{"@type":"WebPage","@id":"https:\/\/reapse-consulting.com\/fr\/quisommesnous-reapse\/","url":"https:\/\/reapse-consulting.com\/fr\/quisommesnous-reapse\/","name":"\u00c0 propos - Reapse Consulting","isPartOf":{"@id":"https:\/\/reapse-consulting.com\/#website"},"datePublished":"2021-06-09T12:51:04+00:00","dateModified":"2024-01-02T14:22:58+00:00","description":"Vrai expert en r\u00e9alit\u00e9 augment\u00e9e qui vous guide dans l\u2019offre pl\u00e9thorique du march\u00e9, et identifie les meilleurs partenaires pour votre projet.","breadcrumb":{"@id":"https:\/\/reapse-consulting.com\/fr\/quisommesnous-reapse\/#breadcrumb"},"inLanguage":"fr-FR","potentialAction":[{"@type":"ReadAction","target":["https:\/\/reapse-consulting.com\/fr\/quisommesnous-reapse\/"]}]},{"@type":"BreadcrumbList","@id":"https:\/\/reapse-consulting.com\/fr\/quisommesnous-reapse\/#breadcrumb","itemListElement":[{"@type":"ListItem","position":1,"name":"Accueil","item":"https:\/\/reapse-consulting.com\/fr\/"},{"@type":"ListItem","position":2,"name":"\u00c0 propos"}]},{"@type":"WebSite","@id":"https:\/\/reapse-consulting.com\/#website","url":"https:\/\/reapse-consulting.com\/","name":"Reapse Consulting","description":"","publisher":{"@id":"https:\/\/reapse-consulting.com\/#organization"},"potentialAction":[{"@type":"SearchAction","target":{"@type":"EntryPoint","urlTemplate":"https:\/\/reapse-consulting.com\/?s={search_term_string}"},"query-input":{"@type":"PropertyValueSpecification","valueRequired":true,"valueName":"search_term_string"}}],"inLanguage":"fr-FR"},{"@type":"Organization","@id":"https:\/\/reapse-consulting.com\/#organization","name":"Reapse Consulting","url":"https:\/\/reapse-consulting.com\/","logo":{"@type":"ImageObject","inLanguage":"fr-FR","@id":"https:\/\/reapse-consulting.com\/#\/schema\/logo\/image\/","url":"https:\/\/reapse-consulting.com\/wp-content\/uploads\/2021\/07\/reapse-ogiage.jpg","contentUrl":"https:\/\/reapse-consulting.com\/wp-content\/uploads\/2021\/07\/reapse-ogiage.jpg","width":1200,"height":630,"caption":"Reapse Consulting"},"image":{"@id":"https:\/\/reapse-consulting.com\/#\/schema\/logo\/image\/"}}]}},"_links":{"self":[{"href":"https:\/\/reapse-consulting.com\/fr\/wp-json\/wp\/v2\/pages\/319","targetHints":{"allow":["GET"]}}],"collection":[{"href":"https:\/\/reapse-consulting.com\/fr\/wp-json\/wp\/v2\/pages"}],"about":[{"href":"https:\/\/reapse-consulting.com\/fr\/wp-json\/wp\/v2\/types\/page"}],"author":[{"embeddable":true,"href":"https:\/\/reapse-consulting.com\/fr\/wp-json\/wp\/v2\/users\/2"}],"replies":[{"embeddable":true,"href":"https:\/\/reapse-consulting.com\/fr\/wp-json\/wp\/v2\/comments?post=319"}],"version-history":[{"count":8,"href":"https:\/\/reapse-consulting.com\/fr\/wp-json\/wp\/v2\/pages\/319\/revisions"}],"predecessor-version":[{"id":2642,"href":"https:\/\/reapse-consulting.com\/fr\/wp-json\/wp\/v2\/pages\/319\/revisions\/2642"}],"wp:attachment":[{"href":"https:\/\/reapse-consulting.com\/fr\/wp-json\/wp\/v2\/media?parent=319"}],"curies":[{"name":"wp","href":"https:\/\/api.w.org\/{rel}","templated":true}]}}