{"id":4,"date":"2021-06-01T09:42:11","date_gmt":"2021-06-01T07:42:11","guid":{"rendered":"https:\/\/reapse-consulting.com\/?page_id=4"},"modified":"2022-11-08T14:57:28","modified_gmt":"2022-11-08T13:57:28","slug":"mentionslegales","status":"publish","type":"page","link":"https:\/\/reapse-consulting.com\/fr\/mentionslegales\/","title":{"rendered":"Mentions l\u00e9gales"},"content":{"rendered":"<div class=\"wpb-content-wrapper\"><p>[vc_row][vc_column]<div class=\"dfd-spacer-module\"  data-units=\"px\" data-wide_resolution=\"1280\" data-wide_size=\"200\" data-normal_resolution=\"1024\" data-normal_size=\"200\" data-tablet_resolution=\"800\" data-tablet_size=\"200\" data-mobile_resolution=\"480\" data-mobile_size=\"100\" style=\"height: 200px;\"><\/div>[vc_column_text]<\/p>\n<ul>\n<li><strong><u>Informations l\u00e9gales<\/u><\/strong><\/li>\n<\/ul>\n<p>REAPSE CONSULTING<\/p>\n<p><strong>\u00c9tablissement principal\u00a0:<\/strong><br \/>\n6-8 avenue de Creil<br \/>\n60300 SENLIS<\/p>\n<p>T\u00e9l : 06 25 70 53 66<\/p>\n<p>Soci\u00e9t\u00e9 par actions simplifi\u00e9e unipersonnelle (SASU) immatricul\u00e9e au RCS de Compi\u00e8gne sous le n\u00b0 902 816 701<br \/>\nN\u00b0 de TVA intracommunautaire FR13902816701<\/p>\n<p>Capital social : 5 000 \u20ac<\/p>\n<ul>\n<li><strong><u>Directeur de la publication<\/u><\/strong><\/li>\n<\/ul>\n<p>Le Directeur de la publication du site internet est Mme Val\u00e9rie Riffaud Cangelosi, Pr\u00e9sidente Fondatrice<\/p>\n<p><a href=\"mailto:vrc@reapse-consulting.com\">vrc(@)reapse-consulting.com<\/a><\/p>\n<ul>\n<li><strong><u>Webmaster \/Cr\u00e9ation et webdesign<\/u><\/strong><\/li>\n<\/ul>\n<p><a href=\"http:\/\/marquepages.org\/\">MarquePages<\/a><br \/>\n73 rue du Conn\u00e9table<br \/>\n60500 Chantilly<\/p>\n<p>T\u00e9l 06 75 13 89 12<\/p>\n<ul>\n<li><strong><u>H\u00e9bergement<\/u><\/strong><\/li>\n<\/ul>\n<p>L\u2019h\u00e9bergeur du pr\u00e9sent site internet est la soci\u00e9t\u00e9 OVH \u2013 2, rue Kellermann 59100 Roubaix France \u2013 t\u00e9l\u00e9phone 1007 ou 09 74 53 13 23.<strong>\u00a0<\/strong><\/p>\n<ul>\n<li><strong><u>Conditions d\u2019utilisation et Limitation de responsabilit\u00e9<\/u><\/strong><\/li>\n<\/ul>\n<p>L\u2019utilisation du site www.reapse-consulting.com implique l\u2019acceptation pleine et enti\u00e8re des conditions g\u00e9n\u00e9rales d\u2019utilisation ci-apr\u00e8s d\u00e9crites.<\/p>\n<p>La soci\u00e9t\u00e9 REAPSE CONSULTING rappelle que les informations contenues sur le site internet n\u2019ont qu\u2019une vocation d\u2019information g\u00e9n\u00e9rale, qui n\u2019est en aucun cas exhaustive.<\/p>\n<p>La soci\u00e9t\u00e9 REAPSE CONSULTING ne garantit en aucun cas l\u2019exactitude des informations diffus\u00e9es sur son site ni la continuit\u00e9 de son bon fonctionnement.<\/p>\n<p>La soci\u00e9t\u00e9 REAPSE CONSULTING ne saurait \u00eatre tenue responsable des dommages et cons\u00e9quences li\u00e9s \u00e0 la consultation du site Internet. L\u2019utilisateur assume seul l\u2019enti\u00e8re responsabilit\u00e9 de l\u2019utilisation de ce site et des informations qu\u2019il en contient. De plus, l\u2019utilisateur du site s\u2019engage \u00e0 acc\u00e9der au site en utilisant un mat\u00e9riel r\u00e9cent, ne contenant pas de virus et avec un navigateur de derni\u00e8re g\u00e9n\u00e9ration mis-\u00e0-jour.<\/p>\n<p>Le pr\u00e9sent site Internet peut renvoyer vers des sites tiers, pour lesquels la soci\u00e9t\u00e9 REAPSE CONSULTING d\u00e9gage toute responsabilit\u00e9.<\/p>\n<p>La soci\u00e9t\u00e9 REAPSE CONSULTING se r\u00e9serve le droit de modifier le contenu du pr\u00e9sent site et de la pr\u00e9sente notice relatives aux mentions l\u00e9gales, et ce \u00e0 tout moment et sans pr\u00e9avis. Les mentions l\u00e9gales s\u2019imposent n\u00e9anmoins \u00e0 l\u2019utilisateur, qui est invit\u00e9 \u00e0 s\u2019y r\u00e9f\u00e9rer le plus souvent possible afin d\u2019en prendre connaissance.<\/p>\n<ul>\n<li><strong><u>Propri\u00e9t\u00e9 Intellectuelle<\/u><\/strong><\/li>\n<\/ul>\n<p>Le pr\u00e9sent site et l\u2019ensemble des \u00e9l\u00e9ments le composant sont prot\u00e9g\u00e9s au titre de la propri\u00e9t\u00e9 intellectuelle.<\/p>\n<p>La soci\u00e9t\u00e9 REAPSE CONSULTING est propri\u00e9taire des droits de propri\u00e9t\u00e9 intellectuelle ou d\u00e9tient les droits d\u2019usage sur tous les \u00e9l\u00e9ments accessibles sur le site et notamment les textes, images, graphismes, logos, ic\u00f4nes.<\/p>\n<p>Toute reproduction, repr\u00e9sentation, modification et\/ou adaptation de tout ou partie des \u00e9l\u00e9ments d\u2019information contenus sur le site, sur un quelconque support et quel que soit le proc\u00e9d\u00e9 utilis\u00e9, est interdite.<\/p>\n<p>Toute exploitation non autoris\u00e9e sera consid\u00e9r\u00e9e comme constitutive d\u2019une contrefa\u00e7on et poursuivie conform\u00e9ment aux dispositions des articles L.335-2 et suivants du Code de Propri\u00e9t\u00e9 Intellectuelle.<\/p>\n<ul>\n<li><strong><u>Droit applicable et attribution de juridiction<\/u><\/strong><\/li>\n<\/ul>\n<p>Tout litige en relation avec l\u2019utilisation du site reapse-consulting.com est soumis au droit fran\u00e7ais. Il est fait attribution exclusive de juridiction aux tribunaux comp\u00e9tents de Paris.<\/p>\n<ul>\n<li><strong><u>Protection des donn\u00e9es \u00e0 caract\u00e8re personnel<\/u><\/strong><\/li>\n<\/ul>\n<p>Ce site ne collecte aucune donn\u00e9es personnelles.[\/vc_column_text]<div class=\"dfd-spacer-module\"  data-units=\"px\" data-wide_resolution=\"1280\" data-wide_size=\"50\" data-normal_resolution=\"1024\" data-normal_size=\"50\" data-tablet_resolution=\"800\" data-tablet_size=\"50\" data-mobile_resolution=\"480\" data-mobile_size=\"50\" style=\"height: 50px;\"><\/div>[\/vc_column][\/vc_row]<\/p>\n<\/div>","protected":false},"excerpt":{"rendered":"<p>[vc_row][vc_column][vc_column_text] Informations l\u00e9gales REAPSE CONSULTING \u00c9tablissement principal\u00a0: 6-8 avenue de Creil 60300 SENLIS T\u00e9l : 06 25 70 53 66 Soci\u00e9t\u00e9 par actions simplifi\u00e9e unipersonnelle (SASU) immatricul\u00e9e au RCS de<\/p>\n","protected":false},"author":3,"featured_media":0,"parent":0,"menu_order":20,"comment_status":"closed","ping_status":"closed","template":"page-custom.php","meta":{"footnotes":""},"class_list":["post-4","page","type-page","status-publish","hentry"],"yoast_head":"<!-- This site is optimized with the Yoast SEO plugin v27.3 - https:\/\/yoast.com\/product\/yoast-seo-wordpress\/ -->\n<title>Mentions l\u00e9gales - Reapse Consulting<\/title>\n<meta name=\"robots\" content=\"index, follow, max-snippet:-1, max-image-preview:large, max-video-preview:-1\" \/>\n<link rel=\"canonical\" href=\"https:\/\/reapse-consulting.com\/fr\/mentionslegales\/\" \/>\n<meta property=\"og:locale\" content=\"fr_FR\" \/>\n<meta property=\"og:type\" content=\"article\" \/>\n<meta property=\"og:title\" content=\"Mentions l\u00e9gales - Reapse Consulting\" \/>\n<meta property=\"og:description\" content=\"[vc_row][vc_column][vc_column_text] Informations l\u00e9gales REAPSE CONSULTING \u00c9tablissement principal\u00a0: 6-8 avenue de Creil 60300 SENLIS T\u00e9l : 06 25 70 53 66 Soci\u00e9t\u00e9 par actions simplifi\u00e9e unipersonnelle (SASU) immatricul\u00e9e au RCS de\" \/>\n<meta property=\"og:url\" content=\"https:\/\/reapse-consulting.com\/fr\/mentionslegales\/\" \/>\n<meta property=\"og:site_name\" content=\"Reapse Consulting\" \/>\n<meta property=\"article:modified_time\" content=\"2022-11-08T13:57:28+00:00\" \/>\n<meta property=\"og:image\" content=\"https:\/\/reapse-consulting.com\/wp-content\/uploads\/2021\/07\/reapse-ogiage.jpg\" \/>\n\t<meta property=\"og:image:width\" content=\"1200\" \/>\n\t<meta property=\"og:image:height\" content=\"630\" \/>\n\t<meta property=\"og:image:type\" content=\"image\/jpeg\" \/>\n<meta name=\"twitter:card\" content=\"summary_large_image\" \/>\n<meta name=\"twitter:label1\" content=\"Dur\u00e9e de lecture estim\u00e9e\" \/>\n\t<meta name=\"twitter:data1\" content=\"3 minutes\" \/>\n<script type=\"application\/ld+json\" class=\"yoast-schema-graph\">{\"@context\":\"https:\\\/\\\/schema.org\",\"@graph\":[{\"@type\":\"WebPage\",\"@id\":\"https:\\\/\\\/reapse-consulting.com\\\/fr\\\/mentionslegales\\\/\",\"url\":\"https:\\\/\\\/reapse-consulting.com\\\/fr\\\/mentionslegales\\\/\",\"name\":\"Mentions l\u00e9gales - Reapse Consulting\",\"isPartOf\":{\"@id\":\"https:\\\/\\\/reapse-consulting.com\\\/#website\"},\"datePublished\":\"2021-06-01T07:42:11+00:00\",\"dateModified\":\"2022-11-08T13:57:28+00:00\",\"breadcrumb\":{\"@id\":\"https:\\\/\\\/reapse-consulting.com\\\/fr\\\/mentionslegales\\\/#breadcrumb\"},\"inLanguage\":\"fr-FR\",\"potentialAction\":[{\"@type\":\"ReadAction\",\"target\":[\"https:\\\/\\\/reapse-consulting.com\\\/fr\\\/mentionslegales\\\/\"]}]},{\"@type\":\"BreadcrumbList\",\"@id\":\"https:\\\/\\\/reapse-consulting.com\\\/fr\\\/mentionslegales\\\/#breadcrumb\",\"itemListElement\":[{\"@type\":\"ListItem\",\"position\":1,\"name\":\"Accueil\",\"item\":\"https:\\\/\\\/reapse-consulting.com\\\/fr\\\/\"},{\"@type\":\"ListItem\",\"position\":2,\"name\":\"Mentions l\u00e9gales\"}]},{\"@type\":\"WebSite\",\"@id\":\"https:\\\/\\\/reapse-consulting.com\\\/#website\",\"url\":\"https:\\\/\\\/reapse-consulting.com\\\/\",\"name\":\"Reapse Consulting\",\"description\":\"\",\"publisher\":{\"@id\":\"https:\\\/\\\/reapse-consulting.com\\\/#organization\"},\"potentialAction\":[{\"@type\":\"SearchAction\",\"target\":{\"@type\":\"EntryPoint\",\"urlTemplate\":\"https:\\\/\\\/reapse-consulting.com\\\/?s={search_term_string}\"},\"query-input\":{\"@type\":\"PropertyValueSpecification\",\"valueRequired\":true,\"valueName\":\"search_term_string\"}}],\"inLanguage\":\"fr-FR\"},{\"@type\":\"Organization\",\"@id\":\"https:\\\/\\\/reapse-consulting.com\\\/#organization\",\"name\":\"Reapse Consulting\",\"url\":\"https:\\\/\\\/reapse-consulting.com\\\/\",\"logo\":{\"@type\":\"ImageObject\",\"inLanguage\":\"fr-FR\",\"@id\":\"https:\\\/\\\/reapse-consulting.com\\\/#\\\/schema\\\/logo\\\/image\\\/\",\"url\":\"https:\\\/\\\/reapse-consulting.com\\\/wp-content\\\/uploads\\\/2021\\\/07\\\/reapse-ogiage.jpg\",\"contentUrl\":\"https:\\\/\\\/reapse-consulting.com\\\/wp-content\\\/uploads\\\/2021\\\/07\\\/reapse-ogiage.jpg\",\"width\":1200,\"height\":630,\"caption\":\"Reapse Consulting\"},\"image\":{\"@id\":\"https:\\\/\\\/reapse-consulting.com\\\/#\\\/schema\\\/logo\\\/image\\\/\"}}]}<\/script>\n<!-- \/ Yoast SEO plugin. -->","yoast_head_json":{"title":"Mentions l\u00e9gales - Reapse Consulting","robots":{"index":"index","follow":"follow","max-snippet":"max-snippet:-1","max-image-preview":"max-image-preview:large","max-video-preview":"max-video-preview:-1"},"canonical":"https:\/\/reapse-consulting.com\/fr\/mentionslegales\/","og_locale":"fr_FR","og_type":"article","og_title":"Mentions l\u00e9gales - Reapse Consulting","og_description":"[vc_row][vc_column][vc_column_text] Informations l\u00e9gales REAPSE CONSULTING \u00c9tablissement principal\u00a0: 6-8 avenue de Creil 60300 SENLIS T\u00e9l : 06 25 70 53 66 Soci\u00e9t\u00e9 par actions simplifi\u00e9e unipersonnelle (SASU) immatricul\u00e9e au RCS de","og_url":"https:\/\/reapse-consulting.com\/fr\/mentionslegales\/","og_site_name":"Reapse Consulting","article_modified_time":"2022-11-08T13:57:28+00:00","og_image":[{"width":1200,"height":630,"url":"https:\/\/reapse-consulting.com\/wp-content\/uploads\/2021\/07\/reapse-ogiage.jpg","type":"image\/jpeg"}],"twitter_card":"summary_large_image","twitter_misc":{"Dur\u00e9e de lecture estim\u00e9e":"3 minutes"},"schema":{"@context":"https:\/\/schema.org","@graph":[{"@type":"WebPage","@id":"https:\/\/reapse-consulting.com\/fr\/mentionslegales\/","url":"https:\/\/reapse-consulting.com\/fr\/mentionslegales\/","name":"Mentions l\u00e9gales - Reapse Consulting","isPartOf":{"@id":"https:\/\/reapse-consulting.com\/#website"},"datePublished":"2021-06-01T07:42:11+00:00","dateModified":"2022-11-08T13:57:28+00:00","breadcrumb":{"@id":"https:\/\/reapse-consulting.com\/fr\/mentionslegales\/#breadcrumb"},"inLanguage":"fr-FR","potentialAction":[{"@type":"ReadAction","target":["https:\/\/reapse-consulting.com\/fr\/mentionslegales\/"]}]},{"@type":"BreadcrumbList","@id":"https:\/\/reapse-consulting.com\/fr\/mentionslegales\/#breadcrumb","itemListElement":[{"@type":"ListItem","position":1,"name":"Accueil","item":"https:\/\/reapse-consulting.com\/fr\/"},{"@type":"ListItem","position":2,"name":"Mentions l\u00e9gales"}]},{"@type":"WebSite","@id":"https:\/\/reapse-consulting.com\/#website","url":"https:\/\/reapse-consulting.com\/","name":"Reapse Consulting","description":"","publisher":{"@id":"https:\/\/reapse-consulting.com\/#organization"},"potentialAction":[{"@type":"SearchAction","target":{"@type":"EntryPoint","urlTemplate":"https:\/\/reapse-consulting.com\/?s={search_term_string}"},"query-input":{"@type":"PropertyValueSpecification","valueRequired":true,"valueName":"search_term_string"}}],"inLanguage":"fr-FR"},{"@type":"Organization","@id":"https:\/\/reapse-consulting.com\/#organization","name":"Reapse Consulting","url":"https:\/\/reapse-consulting.com\/","logo":{"@type":"ImageObject","inLanguage":"fr-FR","@id":"https:\/\/reapse-consulting.com\/#\/schema\/logo\/image\/","url":"https:\/\/reapse-consulting.com\/wp-content\/uploads\/2021\/07\/reapse-ogiage.jpg","contentUrl":"https:\/\/reapse-consulting.com\/wp-content\/uploads\/2021\/07\/reapse-ogiage.jpg","width":1200,"height":630,"caption":"Reapse Consulting"},"image":{"@id":"https:\/\/reapse-consulting.com\/#\/schema\/logo\/image\/"}}]}},"_links":{"self":[{"href":"https:\/\/reapse-consulting.com\/fr\/wp-json\/wp\/v2\/pages\/4","targetHints":{"allow":["GET"]}}],"collection":[{"href":"https:\/\/reapse-consulting.com\/fr\/wp-json\/wp\/v2\/pages"}],"about":[{"href":"https:\/\/reapse-consulting.com\/fr\/wp-json\/wp\/v2\/types\/page"}],"author":[{"embeddable":true,"href":"https:\/\/reapse-consulting.com\/fr\/wp-json\/wp\/v2\/users\/3"}],"replies":[{"embeddable":true,"href":"https:\/\/reapse-consulting.com\/fr\/wp-json\/wp\/v2\/comments?post=4"}],"version-history":[{"count":1,"href":"https:\/\/reapse-consulting.com\/fr\/wp-json\/wp\/v2\/pages\/4\/revisions"}],"predecessor-version":[{"id":2156,"href":"https:\/\/reapse-consulting.com\/fr\/wp-json\/wp\/v2\/pages\/4\/revisions\/2156"}],"wp:attachment":[{"href":"https:\/\/reapse-consulting.com\/fr\/wp-json\/wp\/v2\/media?parent=4"}],"curies":[{"name":"wp","href":"https:\/\/api.w.org\/{rel}","templated":true}]}}